{"id":570,"date":"2023-11-08T08:41:34","date_gmt":"2023-11-08T08:41:34","guid":{"rendered":"https:\/\/fortnet.hr\/?page_id=570"},"modified":"2025-09-17T23:17:56","modified_gmt":"2025-09-17T23:17:56","slug":"o-nama","status":"publish","type":"page","link":"https:\/\/fortnet.hr\/index.php\/o-nama\/","title":{"rendered":"O nama"},"content":{"rendered":"<h2 style=\"margin-top: 12px; margin-bottom: 0px; user-select: text; word-break: break-word; font-size: 16px; line-height: var(--cib-type-body2-line-height); font-weight: 400; font-variation-settings: var(--cib-type-body2-font-variation-settings); color: #111111; font-family: -apple-system, Roboto, SegoeUI, 'Segoe UI', 'Helvetica Neue', Helvetica, 'Microsoft YaHei', 'Meiryo UI', Meiryo, 'Arial Unicode MS', sans-serif; font-style: normal; font-variant-ligatures: normal; font-variant-caps: normal; background-color: rgba(255, 255, 255, 0.7);\"><strong>FortNet d.o.o. &#8211; Va\u0161 izbor za sigurnost<\/strong><\/h2>\n<p style=\"margin-top: 12px; margin-bottom: 0px; user-select: text; word-break: break-word; font-size: 16px; line-height: var(--cib-type-body2-line-height); font-weight: 400; font-variation-settings: var(--cib-type-body2-font-variation-settings); color: #111111; font-family: -apple-system, Roboto, SegoeUI, 'Segoe UI', 'Helvetica Neue', Helvetica, 'Microsoft YaHei', 'Meiryo UI', Meiryo, 'Arial Unicode MS', sans-serif; font-style: normal; font-variant-ligatures: normal; font-variant-caps: normal; background-color: rgba(255, 255, 255, 0.7);\">FortNet j.d.o.o. je nova tvrtka na tr\u017ei\u0161tu sigurnosnih sustava, koja nudi kvalitetna i pouzdana rje\u0161enja za za\u0161titu Va\u0161eg doma, poslovnog prostora ili javnog objekta. Bilo da se radi o vatrodojavi, odimljavanju, CO detekciji, plinodetekciji, sustavu za evakuaciju ili sustavu tehni\u010dke za\u0161tite, mi imamo pravo rje\u0161enje za Vas.<\/p>\n<p style=\"margin-top: 12px; margin-bottom: 0px; user-select: text; word-break: break-word; font-size: 16px; line-height: var(--cib-type-body2-line-height); font-weight: 400; font-variation-settings: var(--cib-type-body2-font-variation-settings); color: #111111; font-family: -apple-system, Roboto, SegoeUI, 'Segoe UI', 'Helvetica Neue', Helvetica, 'Microsoft YaHei', 'Meiryo UI', Meiryo, 'Arial Unicode MS', sans-serif; font-style: normal; font-variant-ligatures: normal; font-variant-caps: normal; background-color: rgba(255, 255, 255, 0.7);\">Na\u0161a tvrtka sura\u0111uje s renomiranim svjetskim proizvo\u0111a\u010dima sigurnosne opreme, kao \u0161to su:<\/p>\n<ul style=\"margin-top: 12px; margin-bottom: 0px; margin-left: 0px; display: flex; flex-direction: column; gap: 10px; padding-inline-start: 24px; color: #111111; font-family: -apple-system, Roboto, SegoeUI, 'Segoe UI', 'Helvetica Neue', Helvetica, 'Microsoft YaHei', 'Meiryo UI', Meiryo, 'Arial Unicode MS', sans-serif; font-size: 16px; font-style: normal; font-variant-ligatures: normal; font-variant-caps: normal; font-weight: 400; background-color: rgba(255, 255, 255, 0.7);\">\n<li><strong>Vatrodojava<\/strong><\/li>\n<li><strong>Odimljavanje i provjetravanje<\/strong>: GEZE<\/li>\n<li><strong>Sustavi evakuacije<\/strong>\u00a0(evakuacijski terminali za evakuacijska vrata): GEZE i EFF EFF (Assa Abloy)<\/li>\n<li><strong>Videonadzor<\/strong>: Dahua, Hikvision, DVC<\/li>\n<li><strong>Protuprovala<\/strong>: Honeywell, Siemens (Vanderbilt), Inim, Ajax Fibra, Ajax, DSC, Paradox<\/li>\n<li><strong>Kontrola pristupa<\/strong>: Honeywell<\/li>\n<li><strong>Plinodojava i CO Detekcija<\/strong>: Notifier, Sensitron, Olimpia electronics<\/li>\n<\/ul>\n<p style=\"margin-top: 12px; margin-bottom: 0px; user-select: text; word-break: break-word; font-size: 16px; line-height: var(--cib-type-body2-line-height); font-weight: 400; font-variation-settings: var(--cib-type-body2-font-variation-settings); color: #111111; font-family: -apple-system, Roboto, SegoeUI, 'Segoe UI', 'Helvetica Neue', Helvetica, 'Microsoft YaHei', 'Meiryo UI', Meiryo, 'Arial Unicode MS', sans-serif; font-style: normal; font-variant-ligatures: normal; font-variant-caps: normal; background-color: rgba(255, 255, 255, 0.7);\">Na\u0161 tim se sastoji od stru\u010dnjaka s dugogodi\u0161njim iskustvom u podru\u010dju sigurnosnih sustava, koji \u0107e Vam pru\u017eiti profesionalnu uslugu od savjetovanja, projektiranja, ugradnje do odr\u017eavanja i servisa. Na\u0161 cilj je zadovoljiti Va\u0161e potrebe i o\u010dekivanja, te Vam osigurati mir i sigurnost.<\/p>\n<p style=\"margin-top: 12px; margin-bottom: 0px; user-select: text; word-break: break-word; font-size: 16px; line-height: var(--cib-type-body2-line-height); font-weight: 400; font-variation-settings: var(--cib-type-body2-font-variation-settings); color: #111111; font-family: -apple-system, Roboto, SegoeUI, 'Segoe UI', 'Helvetica Neue', Helvetica, 'Microsoft YaHei', 'Meiryo UI', Meiryo, 'Arial Unicode MS', sans-serif; font-style: normal; font-variant-ligatures: normal; font-variant-caps: normal; background-color: rgba(255, 255, 255, 0.7);\">FortNet j.d.o.o. je Va\u0161 pouzdani partner za sigurnosne sustave. Kontaktirajte nas danas i zatra\u017eite besplatnu procjenu i ponudu. Radujemo se suradnji s Vama!<\/p>\n<p>Lorem ipsum dolor sit amet, consectetur adipiscing elit. Ut elit tellus, luctus nec ullamcorper mattis, pulvinar dapibus leo.<\/p>\n","protected":false},"excerpt":{"rendered":"<p>FortNet d.o.o. &#8211; Va\u0161 izbor za sigurnost FortNet j.d.o.o. je nova tvrtka na tr\u017ei\u0161tu sigurnosnih sustava, koja nudi kvalitetna i pouzdana rje\u0161enja za za\u0161titu Va\u0161eg doma, poslovnog prostora ili javnog objekta. Bilo da se radi o vatrodojavi, odimljavanju, CO detekciji, plinodetekciji, sustavu za evakuaciju ili sustavu tehni\u010dke za\u0161tite, mi imamo pravo rje\u0161enje za Vas. Na\u0161a [&hellip;]<\/p>\n","protected":false},"author":1,"featured_media":0,"parent":0,"menu_order":0,"comment_status":"closed","ping_status":"closed","template":"","meta":{"om_disable_all_campaigns":false,"_monsterinsights_skip_tracking":false,"_monsterinsights_sitenote_active":false,"_monsterinsights_sitenote_note":"","_monsterinsights_sitenote_category":0,"footnotes":""},"class_list":["post-570","page","type-page","status-publish","hentry","entry"],"aioseo_notices":[],"jetpack_sharing_enabled":true,"_links":{"self":[{"href":"https:\/\/fortnet.hr\/index.php\/wp-json\/wp\/v2\/pages\/570","targetHints":{"allow":["GET"]}}],"collection":[{"href":"https:\/\/fortnet.hr\/index.php\/wp-json\/wp\/v2\/pages"}],"about":[{"href":"https:\/\/fortnet.hr\/index.php\/wp-json\/wp\/v2\/types\/page"}],"author":[{"embeddable":true,"href":"https:\/\/fortnet.hr\/index.php\/wp-json\/wp\/v2\/users\/1"}],"replies":[{"embeddable":true,"href":"https:\/\/fortnet.hr\/index.php\/wp-json\/wp\/v2\/comments?post=570"}],"version-history":[{"count":31,"href":"https:\/\/fortnet.hr\/index.php\/wp-json\/wp\/v2\/pages\/570\/revisions"}],"predecessor-version":[{"id":1024,"href":"https:\/\/fortnet.hr\/index.php\/wp-json\/wp\/v2\/pages\/570\/revisions\/1024"}],"wp:attachment":[{"href":"https:\/\/fortnet.hr\/index.php\/wp-json\/wp\/v2\/media?parent=570"}],"curies":[{"name":"wp","href":"https:\/\/api.w.org\/{rel}","templated":true}]}}