{"id":587,"date":"2023-11-08T09:47:07","date_gmt":"2023-11-08T09:47:07","guid":{"rendered":"https:\/\/fortnet.hr\/?page_id=587"},"modified":"2023-12-05T18:42:07","modified_gmt":"2023-12-05T18:42:07","slug":"otvorene-pozicije","status":"publish","type":"page","link":"https:\/\/fortnet.hr\/index.php\/otvorene-pozicije\/","title":{"rendered":"Otvorene pozicije"},"content":{"rendered":"\t\t<div data-elementor-type=\"wp-page\" data-elementor-id=\"587\" class=\"elementor elementor-587\">\n\t\t\t\t\t\t\t<div class=\"elementor-element elementor-element-8c080a0 e-flex e-con-boxed e-con e-parent\" data-id=\"8c080a0\" data-element_type=\"container\" data-settings=\"{&quot;content_width&quot;:&quot;boxed&quot;}\" data-core-v316-plus=\"true\">\n\t\t\t\t\t<div class=\"e-con-inner\">\n\t\t\t\t<div class=\"elementor-element elementor-element-58be019 elementor-widget elementor-widget-image\" data-id=\"58be019\" data-element_type=\"widget\" data-widget_type=\"image.default\">\n\t\t\t\t<div class=\"elementor-widget-container\">\n\t\t\t<style>\/*! elementor - v3.17.0 - 01-11-2023 *\/\n.elementor-widget-image{text-align:center}.elementor-widget-image a{display:inline-block}.elementor-widget-image a img[src$=\".svg\"]{width:48px}.elementor-widget-image img{vertical-align:middle;display:inline-block}<\/style>\t\t\t\t\t\t\t\t\t\t\t\t<img fetchpriority=\"high\" decoding=\"async\" width=\"1024\" height=\"686\" src=\"https:\/\/fortnet.hr\/wp-content\/uploads\/2023\/11\/pozicije-slika-1024x686.jpg\" class=\"attachment-large size-large wp-image-590\" alt=\"\" srcset=\"https:\/\/fortnet.hr\/wp-content\/uploads\/2023\/11\/pozicije-slika-1024x686.jpg 1024w, https:\/\/fortnet.hr\/wp-content\/uploads\/2023\/11\/pozicije-slika-600x402.jpg 600w, https:\/\/fortnet.hr\/wp-content\/uploads\/2023\/11\/pozicije-slika-300x201.jpg 300w, https:\/\/fortnet.hr\/wp-content\/uploads\/2023\/11\/pozicije-slika-768x514.jpg 768w, https:\/\/fortnet.hr\/wp-content\/uploads\/2023\/11\/pozicije-slika.jpg 1395w\" sizes=\"(max-width: 1024px) 100vw, 1024px\" \/>\t\t\t\t\t\t\t\t\t\t\t\t\t\t\t<\/div>\n\t\t\t\t<\/div>\n\t\t\t\t\t<\/div>\n\t\t\t\t<\/div>\n\t\t<div class=\"elementor-element elementor-element-c56eeac e-flex e-con-boxed e-con e-parent\" data-id=\"c56eeac\" data-element_type=\"container\" data-settings=\"{&quot;content_width&quot;:&quot;boxed&quot;}\" data-core-v316-plus=\"true\">\n\t\t\t\t\t<div class=\"e-con-inner\">\n\t\t\t\t<div class=\"elementor-element elementor-element-3a9d240 elementor-widget elementor-widget-text-editor\" data-id=\"3a9d240\" data-element_type=\"widget\" data-widget_type=\"text-editor.default\">\n\t\t\t\t<div class=\"elementor-widget-container\">\n\t\t\t<style>\/*! elementor - v3.17.0 - 01-11-2023 *\/\n.elementor-widget-text-editor.elementor-drop-cap-view-stacked .elementor-drop-cap{background-color:#69727d;color:#fff}.elementor-widget-text-editor.elementor-drop-cap-view-framed .elementor-drop-cap{color:#69727d;border:3px solid;background-color:transparent}.elementor-widget-text-editor:not(.elementor-drop-cap-view-default) .elementor-drop-cap{margin-top:8px}.elementor-widget-text-editor:not(.elementor-drop-cap-view-default) .elementor-drop-cap-letter{width:1em;height:1em}.elementor-widget-text-editor .elementor-drop-cap{float:left;text-align:center;line-height:1;font-size:50px}.elementor-widget-text-editor .elementor-drop-cap-letter{display:inline-block}<\/style>\t\t\t\t<p><span style=\"font-family: helvetica, arial, sans-serif; font-size: 12pt;\"><span style=\"color: #000000; font-style: normal; font-variant-ligatures: normal; font-variant-caps: normal; font-weight: 400;\">Tra\u017eimo samostalnog tehni\u010dara (m\/\u017e) na poslovima instaliranja, pu\u0161tanja u rad i odr\u017eavanja sustava vatrodojave<br style=\"margin: 0px; padding: 0px; border: 0px;\" \/><\/span><\/span><\/p><p>\u00a0<\/p><p><span style=\"font-size: 12pt;\"><span style=\"font-family: helvetica, arial, sans-serif;\">Od kandidata se o\u010dekuje sljede\u0107e:<\/span><\/span><br \/><span style=\"font-family: helvetica, arial, sans-serif; font-size: 12pt;\">&#8211; poznavanje osnova elektrotehnike, vrste kablova, alata i monta\u017enog materijala<\/span><br \/><span style=\"font-family: helvetica, arial, sans-serif; font-size: 12pt;\">&#8211; poznavanje osnova informatike (mre\u017ea i ra\u010dunala &#8211; hardware)<\/span><br \/><span style=\"font-family: helvetica, arial, sans-serif; font-size: 12pt;\">&#8211; poznavanje i slu\u017eenje MS Office paketom (Excel i Word)<\/span><br \/><span style=\"font-family: helvetica, arial, sans-serif; font-size: 12pt;\">&#8211; poznavanje \u010ditanje schema, nacrta, snala\u017eenja na nacrtima i u prostorima<\/span><br \/><span style=\"font-family: helvetica, arial, sans-serif; font-size: 12pt;\">&#8211; spremnost stalnom u\u010denju<\/span><br \/><br \/><\/p><p><span style=\"font-family: helvetica, arial, sans-serif; font-size: 12pt;\"><strong>Molimo da prijave \u0161aljete E-mailom<\/strong><\/span><\/p><p><strong><span style=\"font-family: helvetica, arial, sans-serif; font-size: 12pt;\">Veselimo se budu\u0107oj<\/span> suradnji.<\/strong><\/p>\t\t\t\t\t\t<\/div>\n\t\t\t\t<\/div>\n\t\t\t\t\t<\/div>\n\t\t\t\t<\/div>\n\t\t\t\t\t\t\t<\/div>\n\t\t","protected":false},"excerpt":{"rendered":"<p>Tra\u017eimo samostalnog tehni\u010dara (m\/\u017e) na poslovima instaliranja, pu\u0161tanja u rad i odr\u017eavanja sustava vatrodojave \u00a0 Od kandidata se o\u010dekuje sljede\u0107e:&#8211; poznavanje osnova elektrotehnike, vrste kablova, alata i monta\u017enog materijala&#8211; poznavanje osnova informatike (mre\u017ea i ra\u010dunala &#8211; hardware)&#8211; poznavanje i slu\u017eenje MS Office paketom (Excel i Word)&#8211; poznavanje \u010ditanje schema, nacrta, snala\u017eenja na nacrtima i u [&hellip;]<\/p>\n","protected":false},"author":1,"featured_media":0,"parent":0,"menu_order":0,"comment_status":"closed","ping_status":"closed","template":"","meta":{"om_disable_all_campaigns":false,"_monsterinsights_skip_tracking":false,"_monsterinsights_sitenote_active":false,"_monsterinsights_sitenote_note":"","_monsterinsights_sitenote_category":0,"footnotes":""},"class_list":["post-587","page","type-page","status-publish","hentry","entry"],"aioseo_notices":[],"jetpack_sharing_enabled":true,"_links":{"self":[{"href":"https:\/\/fortnet.hr\/index.php\/wp-json\/wp\/v2\/pages\/587","targetHints":{"allow":["GET"]}}],"collection":[{"href":"https:\/\/fortnet.hr\/index.php\/wp-json\/wp\/v2\/pages"}],"about":[{"href":"https:\/\/fortnet.hr\/index.php\/wp-json\/wp\/v2\/types\/page"}],"author":[{"embeddable":true,"href":"https:\/\/fortnet.hr\/index.php\/wp-json\/wp\/v2\/users\/1"}],"replies":[{"embeddable":true,"href":"https:\/\/fortnet.hr\/index.php\/wp-json\/wp\/v2\/comments?post=587"}],"version-history":[{"count":7,"href":"https:\/\/fortnet.hr\/index.php\/wp-json\/wp\/v2\/pages\/587\/revisions"}],"predecessor-version":[{"id":816,"href":"https:\/\/fortnet.hr\/index.php\/wp-json\/wp\/v2\/pages\/587\/revisions\/816"}],"wp:attachment":[{"href":"https:\/\/fortnet.hr\/index.php\/wp-json\/wp\/v2\/media?parent=587"}],"curies":[{"name":"wp","href":"https:\/\/api.w.org\/{rel}","templated":true}]}}