{"id":607,"date":"2023-11-08T10:43:10","date_gmt":"2023-11-08T10:43:10","guid":{"rendered":"https:\/\/fortnet.hr\/?page_id=607"},"modified":"2026-02-14T21:03:48","modified_gmt":"2026-02-14T21:03:48","slug":"sustavi-vatrodojave","status":"publish","type":"page","link":"https:\/\/fortnet.hr\/index.php\/sustavi-vatrodojave\/","title":{"rendered":"Vatrodojava"},"content":{"rendered":"\t\t<div data-elementor-type=\"wp-page\" data-elementor-id=\"607\" class=\"elementor elementor-607\">\n\t\t\t\t\t\t\t<div class=\"elementor-element elementor-element-c35440d e-flex e-con-boxed e-con e-parent\" data-id=\"c35440d\" data-element_type=\"container\" data-settings=\"{&quot;content_width&quot;:&quot;boxed&quot;}\" data-core-v316-plus=\"true\">\n\t\t\t\t\t<div class=\"e-con-inner\">\n\t\t\t\t<div class=\"elementor-element elementor-element-981df80 elementor-widget elementor-widget-image-carousel\" data-id=\"981df80\" data-element_type=\"widget\" data-settings=\"{&quot;navigation&quot;:&quot;none&quot;,&quot;autoplay&quot;:&quot;yes&quot;,&quot;pause_on_hover&quot;:&quot;yes&quot;,&quot;pause_on_interaction&quot;:&quot;yes&quot;,&quot;autoplay_speed&quot;:5000,&quot;infinite&quot;:&quot;yes&quot;,&quot;speed&quot;:500}\" data-widget_type=\"image-carousel.default\">\n\t\t\t\t<div class=\"elementor-widget-container\">\n\t\t\t<style>\/*! elementor - v3.17.0 - 01-11-2023 *\/\n.elementor-widget-image-carousel .swiper,.elementor-widget-image-carousel .swiper-container{position:static}.elementor-widget-image-carousel .swiper-container .swiper-slide figure,.elementor-widget-image-carousel .swiper .swiper-slide figure{line-height:inherit}.elementor-widget-image-carousel .swiper-slide{text-align:center}.elementor-image-carousel-wrapper:not(.swiper-container-initialized):not(.swiper-initialized) .swiper-slide{max-width:calc(100% \/ var(--e-image-carousel-slides-to-show, 3))}<\/style>\t\t<div class=\"elementor-image-carousel-wrapper swiper\" dir=\"ltr\">\n\t\t\t<div class=\"elementor-image-carousel swiper-wrapper swiper-image-stretch\" aria-live=\"off\">\n\t\t\t\t\t\t\t\t<div class=\"swiper-slide\" role=\"group\" aria-roledescription=\"slide\" aria-label=\"1 of 3\"><figure class=\"swiper-slide-inner\"><img decoding=\"async\" class=\"swiper-slide-image\" src=\"https:\/\/fortnet.hr\/wp-content\/uploads\/2026\/02\/ESSER.png\" alt=\"ESSER\" \/><\/figure><\/div><div class=\"swiper-slide\" role=\"group\" aria-roledescription=\"slide\" aria-label=\"2 of 3\"><figure class=\"swiper-slide-inner\"><img decoding=\"async\" class=\"swiper-slide-image\" src=\"https:\/\/fortnet.hr\/wp-content\/uploads\/2026\/02\/TELEDATAONE.png\" alt=\"TELEDATAONE\" \/><\/figure><\/div><div class=\"swiper-slide\" role=\"group\" aria-roledescription=\"slide\" aria-label=\"3 of 3\"><figure class=\"swiper-slide-inner\"><img decoding=\"async\" class=\"swiper-slide-image\" src=\"https:\/\/fortnet.hr\/wp-content\/uploads\/2026\/02\/INIM.png\" alt=\"INIM\" \/><\/figure><\/div>\t\t\t<\/div>\n\t\t\t\t\t\t\t\n\t\t\t\t\t\t\t\t\t<\/div>\n\t\t\t\t<\/div>\n\t\t\t\t<\/div>\n\t\t\t\t<div class=\"elementor-element elementor-element-8307067 elementor-widget elementor-widget-text-editor\" data-id=\"8307067\" data-element_type=\"widget\" data-widget_type=\"text-editor.default\">\n\t\t\t\t<div class=\"elementor-widget-container\">\n\t\t\t<style>\/*! elementor - v3.17.0 - 01-11-2023 *\/\n.elementor-widget-text-editor.elementor-drop-cap-view-stacked .elementor-drop-cap{background-color:#69727d;color:#fff}.elementor-widget-text-editor.elementor-drop-cap-view-framed .elementor-drop-cap{color:#69727d;border:3px solid;background-color:transparent}.elementor-widget-text-editor:not(.elementor-drop-cap-view-default) .elementor-drop-cap{margin-top:8px}.elementor-widget-text-editor:not(.elementor-drop-cap-view-default) .elementor-drop-cap-letter{width:1em;height:1em}.elementor-widget-text-editor .elementor-drop-cap{float:left;text-align:center;line-height:1;font-size:50px}.elementor-widget-text-editor .elementor-drop-cap-letter{display:inline-block}<\/style>\t\t\t\t<p><strong>Profesionalne usluge prodaje, ugradnje i odr\u017eavanja sustava vatrodojave<\/strong><\/p>\n<p>&nbsp;S na\u0161im iskusnim timom stru\u010dnjaka i visokokvalitetnom opremom, posve\u0107eni smo pru\u017eanju vrhunskih rje\u0161enja za prevenciju i rano otkrivanje po\u017eara.<\/p>\n<p><strong>Na\u0161e usluge:<\/strong><\/p>\n<ol>\n<li>\n<h6><strong>Projektiranje vatrodojavnih sustava<\/strong><\/h6>\n<\/li>\n<li>\n<h6 style=\"box-sizing: border-box; margin: 0px 0px 20px; padding: 0px; border: 0px; outline: 0px; font-variant: inherit; font-stretch: inherit; line-height: 1.4; font-optical-sizing: inherit; font-kerning: inherit; font-feature-settings: inherit; font-variation-settings: inherit; vertical-align: baseline; font-family: inherit; font-size: 14px; font-style: inherit; font-weight: 600; color: rgb(51, 51, 51);\"><strong style=\"box-sizing: border-box; margin: 0px; padding: 0px; border: 0px; outline: 0px; font-variant: inherit; font-stretch: inherit; line-height: inherit; font-optical-sizing: inherit; font-kerning: inherit; font-feature-settings: inherit; font-variation-settings: inherit; vertical-align: baseline; font-family: inherit; font-size: 14px; font-style: inherit; font-weight: 600;\">Instalacija vatrodojavnih sustava<\/strong><\/h6>\n<\/li>\n<li>\n<h6><strong>Redovno i interventno odr\u017eavanje<\/strong><\/h6>\n<\/li>\n<li>\n<h6><strong style=\"font-size: 14px; text-align: var(--text-align);\">Obuka i edukacija<\/strong><\/h6>\n<\/li>\n<\/ol>\n<p><strong>Za\u0161to odabrati Nas:<\/strong><\/p>\n<ul>\n<li>Iskusni tim stru\u010dnjaka s bogatim iskustvom.<\/li>\n<li>Posve\u0107eni sigurnosti i prevenciji po\u017eara.<\/li>\n<li>Kvalitetna i pouzdana oprema.<\/li>\n<li>Fleksibilne usluge prilago\u0111ene va\u0161im potrebama.<\/li>\n<li>24\/7 dostupnost za hitne situacije.<\/li>\n<\/ul>\n<p><strong>Kontaktirajte Nas danas:<\/strong><\/p>\n<p>Neka na\u0161i stru\u010dnjaci unaprijede sigurnost va\u0161eg objekta. Slobodno nas kontaktirajte za besplatnu procjenu i konzultaciju. Va\u0161a sigurnost je na\u0161 prioritet, a mi smo ovdje kako bismo vam pomogli da se osje\u0107ate za\u0161ti\u0107eno.<\/p>\n<h1><br><\/h1>\t\t\t\t\t\t<\/div>\n\t\t\t\t<\/div>\n\t\t\t\t\t<\/div>\n\t\t\t\t<\/div>\n\t\t\t\t\t\t\t<\/div>\n\t\t","protected":false},"excerpt":{"rendered":"<p>Profesionalne usluge prodaje, ugradnje i odr\u017eavanja sustava vatrodojave &nbsp;S na\u0161im iskusnim timom stru\u010dnjaka i visokokvalitetnom opremom, posve\u0107eni smo pru\u017eanju vrhunskih rje\u0161enja za prevenciju i rano otkrivanje po\u017eara. Na\u0161e usluge: Projektiranje vatrodojavnih sustava Instalacija vatrodojavnih sustava Redovno i interventno odr\u017eavanje Obuka i edukacija Za\u0161to odabrati Nas: Iskusni tim stru\u010dnjaka s bogatim iskustvom. Posve\u0107eni sigurnosti i prevenciji [&hellip;]<\/p>\n","protected":false},"author":1,"featured_media":0,"parent":0,"menu_order":0,"comment_status":"closed","ping_status":"closed","template":"","meta":{"om_disable_all_campaigns":false,"_monsterinsights_skip_tracking":false,"_monsterinsights_sitenote_active":false,"_monsterinsights_sitenote_note":"","_monsterinsights_sitenote_category":0,"footnotes":""},"class_list":["post-607","page","type-page","status-publish","hentry","entry"],"aioseo_notices":[],"jetpack_sharing_enabled":true,"_links":{"self":[{"href":"https:\/\/fortnet.hr\/index.php\/wp-json\/wp\/v2\/pages\/607","targetHints":{"allow":["GET"]}}],"collection":[{"href":"https:\/\/fortnet.hr\/index.php\/wp-json\/wp\/v2\/pages"}],"about":[{"href":"https:\/\/fortnet.hr\/index.php\/wp-json\/wp\/v2\/types\/page"}],"author":[{"embeddable":true,"href":"https:\/\/fortnet.hr\/index.php\/wp-json\/wp\/v2\/users\/1"}],"replies":[{"embeddable":true,"href":"https:\/\/fortnet.hr\/index.php\/wp-json\/wp\/v2\/comments?post=607"}],"version-history":[{"count":23,"href":"https:\/\/fortnet.hr\/index.php\/wp-json\/wp\/v2\/pages\/607\/revisions"}],"predecessor-version":[{"id":1140,"href":"https:\/\/fortnet.hr\/index.php\/wp-json\/wp\/v2\/pages\/607\/revisions\/1140"}],"wp:attachment":[{"href":"https:\/\/fortnet.hr\/index.php\/wp-json\/wp\/v2\/media?parent=607"}],"curies":[{"name":"wp","href":"https:\/\/api.w.org\/{rel}","templated":true}]}}