{"id":625,"date":"2023-11-08T11:09:17","date_gmt":"2023-11-08T11:09:17","guid":{"rendered":"https:\/\/fortnet.hr\/?page_id=625"},"modified":"2024-01-16T21:05:00","modified_gmt":"2024-01-16T21:05:00","slug":"sustavi-protuprovale","status":"publish","type":"page","link":"https:\/\/fortnet.hr\/index.php\/sustavi-protuprovale\/","title":{"rendered":"Protuprovala"},"content":{"rendered":"\t\t<div data-elementor-type=\"wp-page\" data-elementor-id=\"625\" class=\"elementor elementor-625\">\n\t\t\t\t\t\t\t<div class=\"elementor-element elementor-element-21f2515 e-flex e-con-boxed e-con e-parent\" data-id=\"21f2515\" data-element_type=\"container\" data-settings=\"{&quot;content_width&quot;:&quot;boxed&quot;}\" data-core-v316-plus=\"true\">\n\t\t\t\t\t<div class=\"e-con-inner\">\n\t\t\t\t<div class=\"elementor-element elementor-element-2efa4ed elementor-widget elementor-widget-text-editor\" data-id=\"2efa4ed\" data-element_type=\"widget\" data-widget_type=\"text-editor.default\">\n\t\t\t\t<div class=\"elementor-widget-container\">\n\t\t\t<style>\/*! elementor - v3.17.0 - 01-11-2023 *\/\n.elementor-widget-text-editor.elementor-drop-cap-view-stacked .elementor-drop-cap{background-color:#69727d;color:#fff}.elementor-widget-text-editor.elementor-drop-cap-view-framed .elementor-drop-cap{color:#69727d;border:3px solid;background-color:transparent}.elementor-widget-text-editor:not(.elementor-drop-cap-view-default) .elementor-drop-cap{margin-top:8px}.elementor-widget-text-editor:not(.elementor-drop-cap-view-default) .elementor-drop-cap-letter{width:1em;height:1em}.elementor-widget-text-editor .elementor-drop-cap{float:left;text-align:center;line-height:1;font-size:50px}.elementor-widget-text-editor .elementor-drop-cap-letter{display:inline-block}<\/style>\t\t\t\t<p class=\"font_8 wixui-rich-text__text\">Protuprovala je sustav koji se koristi za otkrivanje poku\u0161aja neovla\u0161tenog ulaska u zobjekt. Sastoji se od razli\u010ditih komponenti, kao \u0161to su senzori za detekciju pokreta, magnetskih kontakata itd., koji su postavljeni na klju\u010dnim mjestima unutar i izvan prostora koji se \u017eeli za\u0161tititi. Kada se senzori aktiviraju ili se otkrije sumnjiva aktivnost, sustav automatski \u0161alje signal centralnom ure\u0111aju koji zatim aktivira alarm i obavje\u0161tava nadle\u017ene slu\u017ebe o poku\u0161aju provalne radnje.<\/p><p class=\"font_8 wixui-rich-text__text\"><span class=\"wixGuard wixui-rich-text__text\">\u200b<\/span><\/p><p class=\"font_8 wixui-rich-text__text\">Za\u0161to je va\u017ena protuprovala za\u0161tita? Protuprovala za\u0161tita je klju\u010dna za\u0161tita va\u0161e imovine od kra\u0111e, vandalizma i neovla\u0161tenog pristupa. Osim \u0161to mo\u017ee sprije\u010diti gubitak vrijednih stvari, protuprovala za\u0161tita tako\u0111er pru\u017ea osje\u0107aj sigurnosti i mira u va\u0161em domu ili poslovnom prostoru.<\/p><p class=\"font_8 wixui-rich-text__text\">\u00a0<\/p><p class=\"font_8 wixui-rich-text__text\">Na\u0161a tvrtka nudi uslugu ugradnje i servisa sustava protuprovalne za\u0161tite na podru\u010dju cijele Hrvatske.<\/p><p class=\"font_8 wixui-rich-text__text\">Na\u0161 tim stru\u010dnjaka s bogatim iskustvom osigurava kvalitetnu ugradnju i servisiranje protuprovalnih sustava.<\/p><p class=\"font_8 wixui-rich-text__text\">Uz nas, mo\u017eete biti sigurni da je Va\u0161a imovina za\u0161ti\u0107ena od ne\u017eeljenih provala.<\/p><p class=\"font_8 wixui-rich-text__text\"><span class=\"wixui-rich-text__text\"><span class=\"wixGuard wixui-rich-text__text\">\u200b<\/span><\/span><\/p><p class=\"font_8 wixui-rich-text__text\"><span class=\"wixui-rich-text__text\" style=\"font-size: 18pt;\">Oprema za koju Vam nudimo ugradnju i servis:<\/span><\/p>\t\t\t\t\t\t<\/div>\n\t\t\t\t<\/div>\n\t\t\t\t\t<\/div>\n\t\t\t\t<\/div>\n\t\t<div class=\"elementor-element elementor-element-bb6499f e-flex e-con-boxed e-con e-parent\" data-id=\"bb6499f\" data-element_type=\"container\" data-settings=\"{&quot;content_width&quot;:&quot;boxed&quot;}\" data-core-v316-plus=\"true\">\n\t\t\t\t\t<div class=\"e-con-inner\">\n\t\t<div class=\"elementor-element elementor-element-728bfea e-con-full e-flex e-con e-child\" data-id=\"728bfea\" data-element_type=\"container\" data-settings=\"{&quot;content_width&quot;:&quot;full&quot;}\">\n\t\t\t\t<div class=\"elementor-element elementor-element-29415b7 elementor-widget elementor-widget-image\" data-id=\"29415b7\" data-element_type=\"widget\" data-widget_type=\"image.default\">\n\t\t\t\t<div class=\"elementor-widget-container\">\n\t\t\t<style>\/*! elementor - v3.17.0 - 01-11-2023 *\/\n.elementor-widget-image{text-align:center}.elementor-widget-image a{display:inline-block}.elementor-widget-image a img[src$=\".svg\"]{width:48px}.elementor-widget-image img{vertical-align:middle;display:inline-block}<\/style>\t\t\t\t\t\t\t\t\t\t\t\t<img fetchpriority=\"high\" decoding=\"async\" width=\"225\" height=\"225\" src=\"https:\/\/fortnet.hr\/wp-content\/uploads\/2023\/12\/images.jpg\" class=\"attachment-large size-large wp-image-839\" alt=\"\" srcset=\"https:\/\/fortnet.hr\/wp-content\/uploads\/2023\/12\/images.jpg 225w, https:\/\/fortnet.hr\/wp-content\/uploads\/2023\/12\/images-100x100.jpg 100w, https:\/\/fortnet.hr\/wp-content\/uploads\/2023\/12\/images-150x150.jpg 150w\" sizes=\"(max-width: 225px) 100vw, 225px\" \/>\t\t\t\t\t\t\t\t\t\t\t\t\t\t\t<\/div>\n\t\t\t\t<\/div>\n\t\t\t\t<\/div>\n\t\t<div class=\"elementor-element elementor-element-8b83848 e-con-full e-flex e-con e-child\" data-id=\"8b83848\" data-element_type=\"container\" data-settings=\"{&quot;content_width&quot;:&quot;full&quot;}\">\n\t\t\t\t<div class=\"elementor-element elementor-element-d9f57ed elementor-widget elementor-widget-image\" data-id=\"d9f57ed\" data-element_type=\"widget\" data-widget_type=\"image.default\">\n\t\t\t\t<div class=\"elementor-widget-container\">\n\t\t\t\t\t\t\t\t\t\t\t\t\t\t\t<img decoding=\"async\" width=\"211\" height=\"187\" src=\"https:\/\/fortnet.hr\/wp-content\/uploads\/2023\/12\/dsc-alarm.png\" class=\"attachment-large size-large wp-image-832\" alt=\"\" \/>\t\t\t\t\t\t\t\t\t\t\t\t\t\t\t<\/div>\n\t\t\t\t<\/div>\n\t\t\t\t<\/div>\n\t\t<div class=\"elementor-element elementor-element-018611f e-con-full e-flex e-con e-child\" data-id=\"018611f\" data-element_type=\"container\" data-settings=\"{&quot;content_width&quot;:&quot;full&quot;}\">\n\t\t\t\t<div class=\"elementor-element elementor-element-243621b elementor-widget elementor-widget-image\" data-id=\"243621b\" data-element_type=\"widget\" data-widget_type=\"image.default\">\n\t\t\t\t<div class=\"elementor-widget-container\">\n\t\t\t\t\t\t\t\t\t\t\t\t\t\t\t<img decoding=\"async\" width=\"225\" height=\"225\" src=\"https:\/\/fortnet.hr\/wp-content\/uploads\/2023\/12\/Paradox-alarm.jpg\" class=\"attachment-large size-large wp-image-848\" alt=\"\" srcset=\"https:\/\/fortnet.hr\/wp-content\/uploads\/2023\/12\/Paradox-alarm.jpg 225w, https:\/\/fortnet.hr\/wp-content\/uploads\/2023\/12\/Paradox-alarm-100x100.jpg 100w, https:\/\/fortnet.hr\/wp-content\/uploads\/2023\/12\/Paradox-alarm-150x150.jpg 150w\" sizes=\"(max-width: 225px) 100vw, 225px\" \/>\t\t\t\t\t\t\t\t\t\t\t\t\t\t\t<\/div>\n\t\t\t\t<\/div>\n\t\t\t\t<\/div>\n\t\t<div class=\"elementor-element elementor-element-64311fd e-con-full e-flex e-con e-child\" data-id=\"64311fd\" data-element_type=\"container\" data-settings=\"{&quot;content_width&quot;:&quot;full&quot;}\">\n\t\t\t\t<div class=\"elementor-element elementor-element-3a2f1f6 elementor-widget elementor-widget-image\" data-id=\"3a2f1f6\" data-element_type=\"widget\" data-widget_type=\"image.default\">\n\t\t\t\t<div class=\"elementor-widget-container\">\n\t\t\t\t\t\t\t\t\t\t\t\t\t\t\t<img loading=\"lazy\" decoding=\"async\" width=\"275\" height=\"183\" src=\"https:\/\/fortnet.hr\/wp-content\/uploads\/2023\/12\/Vanderbilt.jpg\" class=\"attachment-large size-large wp-image-855\" alt=\"\" \/>\t\t\t\t\t\t\t\t\t\t\t\t\t\t\t<\/div>\n\t\t\t\t<\/div>\n\t\t\t\t<div class=\"elementor-element elementor-element-d833c2a elementor-widget elementor-widget-image\" data-id=\"d833c2a\" data-element_type=\"widget\" data-widget_type=\"image.default\">\n\t\t\t\t<div class=\"elementor-widget-container\">\n\t\t\t\t\t\t\t\t\t\t\t\t\t\t\t<img loading=\"lazy\" decoding=\"async\" width=\"564\" height=\"89\" src=\"https:\/\/fortnet.hr\/wp-content\/uploads\/2023\/12\/siemens.png\" class=\"attachment-large size-large wp-image-853\" alt=\"\" srcset=\"https:\/\/fortnet.hr\/wp-content\/uploads\/2023\/12\/siemens.png 564w, https:\/\/fortnet.hr\/wp-content\/uploads\/2023\/12\/siemens-300x47.png 300w\" sizes=\"(max-width: 564px) 100vw, 564px\" \/>\t\t\t\t\t\t\t\t\t\t\t\t\t\t\t<\/div>\n\t\t\t\t<\/div>\n\t\t\t\t<\/div>\n\t\t<div class=\"elementor-element elementor-element-7aa93c3 e-con-full e-flex e-con e-child\" data-id=\"7aa93c3\" data-element_type=\"container\" data-settings=\"{&quot;content_width&quot;:&quot;full&quot;}\">\n\t\t\t\t<div class=\"elementor-element elementor-element-2667cf6 elementor-widget elementor-widget-image\" data-id=\"2667cf6\" data-element_type=\"widget\" data-widget_type=\"image.default\">\n\t\t\t\t<div class=\"elementor-widget-container\">\n\t\t\t\t\t\t\t\t\t\t\t\t\t\t\t<img loading=\"lazy\" decoding=\"async\" width=\"287\" height=\"175\" src=\"https:\/\/fortnet.hr\/wp-content\/uploads\/2023\/12\/Honeywell.png\" class=\"attachment-large size-large wp-image-838\" alt=\"\" \/>\t\t\t\t\t\t\t\t\t\t\t\t\t\t\t<\/div>\n\t\t\t\t<\/div>\n\t\t\t\t<\/div>\n\t\t<div class=\"elementor-element elementor-element-2541687 e-con-full e-flex e-con e-child\" data-id=\"2541687\" data-element_type=\"container\" data-settings=\"{&quot;content_width&quot;:&quot;full&quot;}\">\n\t\t\t\t<div class=\"elementor-element elementor-element-5ffc712 elementor-widget elementor-widget-image\" data-id=\"5ffc712\" data-element_type=\"widget\" data-widget_type=\"image.default\">\n\t\t\t\t<div class=\"elementor-widget-container\">\n\t\t\t\t\t\t\t\t\t\t\t\t\t\t\t<img loading=\"lazy\" decoding=\"async\" width=\"255\" height=\"198\" src=\"https:\/\/fortnet.hr\/wp-content\/uploads\/2023\/12\/Inim-vatrodojava.png\" class=\"attachment-large size-large wp-image-840\" alt=\"\" \/>\t\t\t\t\t\t\t\t\t\t\t\t\t\t\t<\/div>\n\t\t\t\t<\/div>\n\t\t\t\t<\/div>\n\t\t\t\t\t<\/div>\n\t\t\t\t<\/div>\n\t\t\t\t\t\t\t<\/div>\n\t\t","protected":false},"excerpt":{"rendered":"<p>Protuprovala je sustav koji se koristi za otkrivanje poku\u0161aja neovla\u0161tenog ulaska u zobjekt. Sastoji se od razli\u010ditih komponenti, kao \u0161to su senzori za detekciju pokreta, magnetskih kontakata itd., koji su postavljeni na klju\u010dnim mjestima unutar i izvan prostora koji se \u017eeli za\u0161tititi. Kada se senzori aktiviraju ili se otkrije sumnjiva aktivnost, sustav automatski \u0161alje signal [&hellip;]<\/p>\n","protected":false},"author":1,"featured_media":0,"parent":0,"menu_order":0,"comment_status":"closed","ping_status":"closed","template":"","meta":{"om_disable_all_campaigns":false,"_monsterinsights_skip_tracking":false,"_monsterinsights_sitenote_active":false,"_monsterinsights_sitenote_note":"","_monsterinsights_sitenote_category":0,"footnotes":""},"class_list":["post-625","page","type-page","status-publish","hentry","entry"],"aioseo_notices":[],"jetpack_sharing_enabled":true,"_links":{"self":[{"href":"https:\/\/fortnet.hr\/index.php\/wp-json\/wp\/v2\/pages\/625","targetHints":{"allow":["GET"]}}],"collection":[{"href":"https:\/\/fortnet.hr\/index.php\/wp-json\/wp\/v2\/pages"}],"about":[{"href":"https:\/\/fortnet.hr\/index.php\/wp-json\/wp\/v2\/types\/page"}],"author":[{"embeddable":true,"href":"https:\/\/fortnet.hr\/index.php\/wp-json\/wp\/v2\/users\/1"}],"replies":[{"embeddable":true,"href":"https:\/\/fortnet.hr\/index.php\/wp-json\/wp\/v2\/comments?post=625"}],"version-history":[{"count":14,"href":"https:\/\/fortnet.hr\/index.php\/wp-json\/wp\/v2\/pages\/625\/revisions"}],"predecessor-version":[{"id":957,"href":"https:\/\/fortnet.hr\/index.php\/wp-json\/wp\/v2\/pages\/625\/revisions\/957"}],"wp:attachment":[{"href":"https:\/\/fortnet.hr\/index.php\/wp-json\/wp\/v2\/media?parent=625"}],"curies":[{"name":"wp","href":"https:\/\/api.w.org\/{rel}","templated":true}]}}