{"id":681,"date":"2023-11-08T11:47:54","date_gmt":"2023-11-08T11:47:54","guid":{"rendered":"https:\/\/fortnet.hr\/?page_id=681"},"modified":"2023-12-05T19:30:57","modified_gmt":"2023-12-05T19:30:57","slug":"parking-sustavi","status":"publish","type":"page","link":"https:\/\/fortnet.hr\/index.php\/parking-sustavi\/","title":{"rendered":"Parking sustavi"},"content":{"rendered":"\t\t<div data-elementor-type=\"wp-page\" data-elementor-id=\"681\" class=\"elementor elementor-681\">\n\t\t\t\t\t\t\t<div class=\"elementor-element elementor-element-885b24e e-flex e-con-boxed e-con e-parent\" data-id=\"885b24e\" data-element_type=\"container\" data-settings=\"{&quot;content_width&quot;:&quot;boxed&quot;}\" data-core-v316-plus=\"true\">\n\t\t\t\t\t<div class=\"e-con-inner\">\n\t\t\t\t<div class=\"elementor-element elementor-element-2b84924 elementor-widget elementor-widget-image\" data-id=\"2b84924\" data-element_type=\"widget\" data-widget_type=\"image.default\">\n\t\t\t\t<div class=\"elementor-widget-container\">\n\t\t\t<style>\/*! elementor - v3.17.0 - 01-11-2023 *\/\n.elementor-widget-image{text-align:center}.elementor-widget-image a{display:inline-block}.elementor-widget-image a img[src$=\".svg\"]{width:48px}.elementor-widget-image img{vertical-align:middle;display:inline-block}<\/style>\t\t\t\t\t\t\t\t\t\t\t\t<img fetchpriority=\"high\" decoding=\"async\" width=\"1024\" height=\"526\" src=\"https:\/\/fortnet.hr\/wp-content\/uploads\/2023\/11\/parking-sustavi-1-1024x526.jpg\" class=\"attachment-large size-large wp-image-686\" alt=\"\" srcset=\"https:\/\/fortnet.hr\/wp-content\/uploads\/2023\/11\/parking-sustavi-1-1024x526.jpg 1024w, https:\/\/fortnet.hr\/wp-content\/uploads\/2023\/11\/parking-sustavi-1-600x308.jpg 600w, https:\/\/fortnet.hr\/wp-content\/uploads\/2023\/11\/parking-sustavi-1-300x154.jpg 300w, https:\/\/fortnet.hr\/wp-content\/uploads\/2023\/11\/parking-sustavi-1-768x394.jpg 768w, https:\/\/fortnet.hr\/wp-content\/uploads\/2023\/11\/parking-sustavi-1-1536x788.jpg 1536w, https:\/\/fortnet.hr\/wp-content\/uploads\/2023\/11\/parking-sustavi-1.jpg 1800w\" sizes=\"(max-width: 1024px) 100vw, 1024px\" \/>\t\t\t\t\t\t\t\t\t\t\t\t\t\t\t<\/div>\n\t\t\t\t<\/div>\n\t\t\t\t\t<\/div>\n\t\t\t\t<\/div>\n\t\t<div class=\"elementor-element elementor-element-55db246 e-flex e-con-boxed e-con e-parent\" data-id=\"55db246\" data-element_type=\"container\" data-settings=\"{&quot;content_width&quot;:&quot;boxed&quot;}\" data-core-v316-plus=\"true\">\n\t\t\t\t\t<div class=\"e-con-inner\">\n\t\t\t\t<div class=\"elementor-element elementor-element-e2c84df elementor-widget elementor-widget-text-editor\" data-id=\"e2c84df\" data-element_type=\"widget\" data-widget_type=\"text-editor.default\">\n\t\t\t\t<div class=\"elementor-widget-container\">\n\t\t\t<style>\/*! elementor - v3.17.0 - 01-11-2023 *\/\n.elementor-widget-text-editor.elementor-drop-cap-view-stacked .elementor-drop-cap{background-color:#69727d;color:#fff}.elementor-widget-text-editor.elementor-drop-cap-view-framed .elementor-drop-cap{color:#69727d;border:3px solid;background-color:transparent}.elementor-widget-text-editor:not(.elementor-drop-cap-view-default) .elementor-drop-cap{margin-top:8px}.elementor-widget-text-editor:not(.elementor-drop-cap-view-default) .elementor-drop-cap-letter{width:1em;height:1em}.elementor-widget-text-editor .elementor-drop-cap{float:left;text-align:center;line-height:1;font-size:50px}.elementor-widget-text-editor .elementor-drop-cap-letter{display:inline-block}<\/style>\t\t\t\t<p class=\"font_8 wixui-rich-text__text\">Parking sustav je sustav koji se koristi za upravljanje i kontrolu parkiranja vozila na odre\u0111enom parkirali\u0161tu. Sastoji se od razli\u010ditih komponenti kao \u0161to su senzori za detekciju vozila, upravlja\u010dka jedinica, signalizacija i softverska aplikacija koja omogu\u0107uje pra\u0107enje stanja parkirali\u0161ta.<\/p><p class=\"font_8 wixui-rich-text__text\">Za\u0161to je va\u017ean parking sustav?<\/p><p class=\"font_8 wixui-rich-text__text\">Parking sustav omogu\u0107uje u\u010dinkovito upravljanje parkirali\u0161tem i smanjuje vrijeme potrebno za pronala\u017eenje slobodnog mjesta za parkiranje vozila. Tako\u0111er, omogu\u0107uje kontrolu broja vozila koja se nalaze na parkirali\u0161tu, a time i smanjuje gu\u017eve i mogu\u0107e nesre\u0107e. Softverska aplikacija omogu\u0107uje pra\u0107enje stanja parkirali\u0161ta u stvarnom vremenu, \u0161to olak\u0161ava upravljanje parkirali\u0161tem.<\/p><p class=\"font_8 wixui-rich-text__text\">Parking sustavi sastoje se od sljede\u0107ih komponenti:<\/p><p class=\"font_8 wixui-rich-text__text\">&#8211; Senzori za detekciju vozila: Senzori za detekciju vozila su ure\u0111aji koji se postavljaju na parkirali\u0161tu i omogu\u0107uju detekciju vozila na odre\u0111enom mjestu. Senzori \u0161alju informacije upravlja\u010dkoj jedinici koja zatim obra\u0111uje i prikazuje podatke o stanju parkirali\u0161ta.<\/p><p class=\"font_8 wixui-rich-text__text\">&#8211; Upravlja\u010dka jedinica: Upravlja\u010dka jedinica je centralna jedinica koja prima podatke od senzora i upravlja signalizacijom na parkirali\u0161tu. Upravlja\u010dka jedinica tako\u0111er obra\u0111uje podatke o stanju parkirali\u0161ta i \u0161alje ih softverskoj aplikaciji.<\/p><p class=\"font_8 wixui-rich-text__text\">&#8211; Signalizacija: Signalizacija se koristi za ozna\u010davanje slobodnih i zauzetih mjesta za parkiranje. Signalizacija mo\u017ee biti u obliku svjetlosnih oznaka ili LED plo\u010da koje prikazuju broj slobodnih mjesta.<\/p><p class=\"font_8 wixui-rich-text__text\">&#8211; Softverska aplikacija: Softverska aplikacija omogu\u0107uje pra\u0107enje stanja parkirali\u0161ta u stvarnom vremenu. Aplikacija omogu\u0107uje upraviteljima parkirali\u0161ta da prate broj vozila na parkirali\u0161tu, kao i da upravljaju signalizacijom i drugim funkcijama sustava.<\/p><p class=\"font_8 wixui-rich-text__text\">Na\u0161a tvrtka nudi uslugu ugradnje i servisa parking sustava na podru\u010dju cijele Hrvatske. Na\u0161 tim stru\u010dnjaka osigurava kvalitetnu ugradnju i povezivanje svih komponenti sustava kako biste bili sigurni da va\u0161e parkirali\u0161te ima optimalnu funkcionalnost i kontrolu parkiranja vozila.<\/p><p class=\"font_8 wixui-rich-text__text\">Za sve dodatne informacije o na\u0161im uslugama i cijenama, molimo kontaktirajte nas putem telefona ili e-po\u0161te. Na\u0161 tim \u0107e vam rado pomo\u0107i i odgovoriti na sva va\u0161a pitanja.<\/p>\t\t\t\t\t\t<\/div>\n\t\t\t\t<\/div>\n\t\t\t\t\t<\/div>\n\t\t\t\t<\/div>\n\t\t\t\t\t\t\t<\/div>\n\t\t","protected":false},"excerpt":{"rendered":"<p>Parking sustav je sustav koji se koristi za upravljanje i kontrolu parkiranja vozila na odre\u0111enom parkirali\u0161tu. Sastoji se od razli\u010ditih komponenti kao \u0161to su senzori za detekciju vozila, upravlja\u010dka jedinica, signalizacija i softverska aplikacija koja omogu\u0107uje pra\u0107enje stanja parkirali\u0161ta. Za\u0161to je va\u017ean parking sustav? Parking sustav omogu\u0107uje u\u010dinkovito upravljanje parkirali\u0161tem i smanjuje vrijeme potrebno za [&hellip;]<\/p>\n","protected":false},"author":1,"featured_media":0,"parent":0,"menu_order":0,"comment_status":"closed","ping_status":"closed","template":"","meta":{"om_disable_all_campaigns":false,"_monsterinsights_skip_tracking":false,"_monsterinsights_sitenote_active":false,"_monsterinsights_sitenote_note":"","_monsterinsights_sitenote_category":0,"footnotes":""},"class_list":["post-681","page","type-page","status-publish","hentry","entry"],"aioseo_notices":[],"jetpack_sharing_enabled":true,"_links":{"self":[{"href":"https:\/\/fortnet.hr\/index.php\/wp-json\/wp\/v2\/pages\/681","targetHints":{"allow":["GET"]}}],"collection":[{"href":"https:\/\/fortnet.hr\/index.php\/wp-json\/wp\/v2\/pages"}],"about":[{"href":"https:\/\/fortnet.hr\/index.php\/wp-json\/wp\/v2\/types\/page"}],"author":[{"embeddable":true,"href":"https:\/\/fortnet.hr\/index.php\/wp-json\/wp\/v2\/users\/1"}],"replies":[{"embeddable":true,"href":"https:\/\/fortnet.hr\/index.php\/wp-json\/wp\/v2\/comments?post=681"}],"version-history":[{"count":10,"href":"https:\/\/fortnet.hr\/index.php\/wp-json\/wp\/v2\/pages\/681\/revisions"}],"predecessor-version":[{"id":882,"href":"https:\/\/fortnet.hr\/index.php\/wp-json\/wp\/v2\/pages\/681\/revisions\/882"}],"wp:attachment":[{"href":"https:\/\/fortnet.hr\/index.php\/wp-json\/wp\/v2\/media?parent=681"}],"curies":[{"name":"wp","href":"https:\/\/api.w.org\/{rel}","templated":true}]}}