{"id":703,"date":"2023-11-08T12:21:53","date_gmt":"2023-11-08T12:21:53","guid":{"rendered":"https:\/\/fortnet.hr\/?page_id=703"},"modified":"2023-12-05T20:09:33","modified_gmt":"2023-12-05T20:09:33","slug":"sustavi-evakuacije","status":"publish","type":"page","link":"https:\/\/fortnet.hr\/index.php\/sustavi-evakuacije\/","title":{"rendered":"Sustavi evakuacije"},"content":{"rendered":"\t\t<div data-elementor-type=\"wp-page\" data-elementor-id=\"703\" class=\"elementor elementor-703\">\n\t\t\t\t\t\t\t<div class=\"elementor-element elementor-element-0f8358c e-flex e-con-boxed e-con e-parent\" data-id=\"0f8358c\" data-element_type=\"container\" data-settings=\"{&quot;content_width&quot;:&quot;boxed&quot;}\" data-core-v316-plus=\"true\">\n\t\t\t\t\t<div class=\"e-con-inner\">\n\t\t\t\t<div class=\"elementor-element elementor-element-4c80072 elementor-widget elementor-widget-image\" data-id=\"4c80072\" data-element_type=\"widget\" data-widget_type=\"image.default\">\n\t\t\t\t<div class=\"elementor-widget-container\">\n\t\t\t<style>\/*! elementor - v3.17.0 - 01-11-2023 *\/\n.elementor-widget-image{text-align:center}.elementor-widget-image a{display:inline-block}.elementor-widget-image a img[src$=\".svg\"]{width:48px}.elementor-widget-image img{vertical-align:middle;display:inline-block}<\/style>\t\t\t\t\t\t\t\t\t\t\t\t<img fetchpriority=\"high\" decoding=\"async\" width=\"291\" height=\"173\" src=\"https:\/\/fortnet.hr\/wp-content\/uploads\/2023\/12\/Sustavi-evakuacije.jpg\" class=\"attachment-large size-large wp-image-854\" alt=\"\" \/>\t\t\t\t\t\t\t\t\t\t\t\t\t\t\t<\/div>\n\t\t\t\t<\/div>\n\t\t\t\t\t<\/div>\n\t\t\t\t<\/div>\n\t\t<div class=\"elementor-element elementor-element-5241511 e-flex e-con-boxed e-con e-parent\" data-id=\"5241511\" data-element_type=\"container\" data-settings=\"{&quot;content_width&quot;:&quot;boxed&quot;}\" data-core-v316-plus=\"true\">\n\t\t\t\t\t<div class=\"e-con-inner\">\n\t\t\t\t<div class=\"elementor-element elementor-element-12599da elementor-widget elementor-widget-text-editor\" data-id=\"12599da\" data-element_type=\"widget\" data-widget_type=\"text-editor.default\">\n\t\t\t\t<div class=\"elementor-widget-container\">\n\t\t\t<style>\/*! elementor - v3.17.0 - 01-11-2023 *\/\n.elementor-widget-text-editor.elementor-drop-cap-view-stacked .elementor-drop-cap{background-color:#69727d;color:#fff}.elementor-widget-text-editor.elementor-drop-cap-view-framed .elementor-drop-cap{color:#69727d;border:3px solid;background-color:transparent}.elementor-widget-text-editor:not(.elementor-drop-cap-view-default) .elementor-drop-cap{margin-top:8px}.elementor-widget-text-editor:not(.elementor-drop-cap-view-default) .elementor-drop-cap-letter{width:1em;height:1em}.elementor-widget-text-editor .elementor-drop-cap{float:left;text-align:center;line-height:1;font-size:50px}.elementor-widget-text-editor .elementor-drop-cap-letter{display:inline-block}<\/style>\t\t\t\t<p><strong>Za\u0161to Sustavi Evakuacije?<\/strong><\/p><p>Hitne situacije zahtijevaju brzu i organiziranu evakuaciju. Na\u0161i sustavi pru\u017eaju trenuta\u010dno upozorenje i sigurnost u slu\u010daju po\u017eara, izljeva plina i drugih opasnosti.<\/p><p><strong>Na\u0161a Ponuda: Prodaja, Ugradnja, Odr\u017eavanje<\/strong><\/p><ul><li><p><em>Prodaja:<\/em> Fortnet j.d.o.o. nudi visokokvalitetne sustave od renomiranih proizvo\u0111a\u010da.<\/p><\/li><li><p><em>Ugradnja:<\/em> Iskusni stru\u010dnjaci iz Fortneta osiguravaju optimalnu u\u010dinkovitost sustava.<\/p><\/li><li><p><em>Odr\u017eavanje:<\/em> Redovito odr\u017eavanje za trajnu pouzdanost uz Fortnet.<\/p><\/li><\/ul><p><strong>Kvaliteta i Pouzdanost<\/strong><\/p><p>Certificirani proizvodi, suvremena tehnologija i visoki standardi kvalitete jam\u010de va\u0161u sigurnost s Fortnetom.<\/p><p><strong>Partnerstvo u Sigurnosti<\/strong><\/p><p>S Fortnetom, nudimo vi\u0161e od proizvoda. Nudimo vam partnerstvo u sigurnosti, prilago\u0111avaju\u0107i rje\u0161enja va\u0161im potrebama.<\/p><p>Osigurajte svoj prostor s Fortnetom. Kontaktirajte nas i zajedno gradimo sigurnu budu\u0107nost.<\/p>\t\t\t\t\t\t<\/div>\n\t\t\t\t<\/div>\n\t\t\t\t\t<\/div>\n\t\t\t\t<\/div>\n\t\t<div class=\"elementor-element elementor-element-893dd64 e-flex e-con-boxed e-con e-parent\" data-id=\"893dd64\" data-element_type=\"container\" data-settings=\"{&quot;content_width&quot;:&quot;boxed&quot;}\" data-core-v316-plus=\"true\">\n\t\t\t\t\t<div class=\"e-con-inner\">\n\t\t<div class=\"elementor-element elementor-element-4b36487 e-con-full e-flex e-con e-child\" data-id=\"4b36487\" data-element_type=\"container\" data-settings=\"{&quot;content_width&quot;:&quot;full&quot;}\">\n\t\t\t\t<div class=\"elementor-element elementor-element-dcd2cab elementor-widget elementor-widget-image\" data-id=\"dcd2cab\" data-element_type=\"widget\" data-widget_type=\"image.default\">\n\t\t\t\t<div class=\"elementor-widget-container\">\n\t\t\t\t\t\t\t\t\t\t\t\t\t\t\t<img decoding=\"async\" width=\"225\" height=\"225\" src=\"https:\/\/fortnet.hr\/wp-content\/uploads\/2023\/12\/eff-eff.png\" class=\"attachment-large size-large wp-image-907\" alt=\"\" srcset=\"https:\/\/fortnet.hr\/wp-content\/uploads\/2023\/12\/eff-eff.png 225w, https:\/\/fortnet.hr\/wp-content\/uploads\/2023\/12\/eff-eff-100x100.png 100w, https:\/\/fortnet.hr\/wp-content\/uploads\/2023\/12\/eff-eff-150x150.png 150w\" sizes=\"(max-width: 225px) 100vw, 225px\" \/>\t\t\t\t\t\t\t\t\t\t\t\t\t\t\t<\/div>\n\t\t\t\t<\/div>\n\t\t\t\t<\/div>\n\t\t<div class=\"elementor-element elementor-element-e4e7c24 e-con-full e-flex e-con e-child\" data-id=\"e4e7c24\" data-element_type=\"container\" data-settings=\"{&quot;content_width&quot;:&quot;full&quot;}\">\n\t\t\t\t<div class=\"elementor-element elementor-element-13733d3 elementor-widget elementor-widget-image\" data-id=\"13733d3\" data-element_type=\"widget\" data-widget_type=\"image.default\">\n\t\t\t\t<div class=\"elementor-widget-container\">\n\t\t\t\t\t\t\t\t\t\t\t\t\t\t\t<img decoding=\"async\" width=\"393\" height=\"128\" src=\"https:\/\/fortnet.hr\/wp-content\/uploads\/2023\/12\/geze.png\" class=\"attachment-1536x1536 size-1536x1536 wp-image-884\" alt=\"\" srcset=\"https:\/\/fortnet.hr\/wp-content\/uploads\/2023\/12\/geze.png 393w, https:\/\/fortnet.hr\/wp-content\/uploads\/2023\/12\/geze-300x98.png 300w\" sizes=\"(max-width: 393px) 100vw, 393px\" \/>\t\t\t\t\t\t\t\t\t\t\t\t\t\t\t<\/div>\n\t\t\t\t<\/div>\n\t\t\t\t<\/div>\n\t\t\t\t\t<\/div>\n\t\t\t\t<\/div>\n\t\t\t\t\t\t\t<\/div>\n\t\t","protected":false},"excerpt":{"rendered":"<p>Za\u0161to Sustavi Evakuacije? Hitne situacije zahtijevaju brzu i organiziranu evakuaciju. Na\u0161i sustavi pru\u017eaju trenuta\u010dno upozorenje i sigurnost u slu\u010daju po\u017eara, izljeva plina i drugih opasnosti. Na\u0161a Ponuda: Prodaja, Ugradnja, Odr\u017eavanje Prodaja: Fortnet j.d.o.o. nudi visokokvalitetne sustave od renomiranih proizvo\u0111a\u010da. Ugradnja: Iskusni stru\u010dnjaci iz Fortneta osiguravaju optimalnu u\u010dinkovitost sustava. Odr\u017eavanje: Redovito odr\u017eavanje za trajnu pouzdanost uz [&hellip;]<\/p>\n","protected":false},"author":1,"featured_media":0,"parent":0,"menu_order":0,"comment_status":"closed","ping_status":"closed","template":"","meta":{"om_disable_all_campaigns":false,"_monsterinsights_skip_tracking":false,"_monsterinsights_sitenote_active":false,"_monsterinsights_sitenote_note":"","_monsterinsights_sitenote_category":0,"footnotes":""},"class_list":["post-703","page","type-page","status-publish","hentry","entry"],"aioseo_notices":[],"jetpack_sharing_enabled":true,"_links":{"self":[{"href":"https:\/\/fortnet.hr\/index.php\/wp-json\/wp\/v2\/pages\/703","targetHints":{"allow":["GET"]}}],"collection":[{"href":"https:\/\/fortnet.hr\/index.php\/wp-json\/wp\/v2\/pages"}],"about":[{"href":"https:\/\/fortnet.hr\/index.php\/wp-json\/wp\/v2\/types\/page"}],"author":[{"embeddable":true,"href":"https:\/\/fortnet.hr\/index.php\/wp-json\/wp\/v2\/users\/1"}],"replies":[{"embeddable":true,"href":"https:\/\/fortnet.hr\/index.php\/wp-json\/wp\/v2\/comments?post=703"}],"version-history":[{"count":16,"href":"https:\/\/fortnet.hr\/index.php\/wp-json\/wp\/v2\/pages\/703\/revisions"}],"predecessor-version":[{"id":910,"href":"https:\/\/fortnet.hr\/index.php\/wp-json\/wp\/v2\/pages\/703\/revisions\/910"}],"wp:attachment":[{"href":"https:\/\/fortnet.hr\/index.php\/wp-json\/wp\/v2\/media?parent=703"}],"curies":[{"name":"wp","href":"https:\/\/api.w.org\/{rel}","templated":true}]}}