{"id":716,"date":"2023-11-08T12:34:26","date_gmt":"2023-11-08T12:34:26","guid":{"rendered":"https:\/\/fortnet.hr\/?page_id=716"},"modified":"2025-09-18T00:32:31","modified_gmt":"2025-09-18T00:32:31","slug":"sustavi-plinodojave-co-detekcije","status":"publish","type":"page","link":"https:\/\/fortnet.hr\/index.php\/sustavi-plinodojave-co-detekcije\/","title":{"rendered":"Plinodojava i CO detekcija"},"content":{"rendered":"<style>\/*! elementor - v3.17.0 - 01-11-2023 *\/<br \/>\n.elementor-widget-image{text-align:center}.elementor-widget-image a{display:inline-block}.elementor-widget-image a img[src$=\".svg\"]{width:48px}.elementor-widget-image img{vertical-align:middle;display:inline-block}<\/style>\n<p><img fetchpriority=\"high\" decoding=\"async\" src=\"https:\/\/fortnet.hr\/wp-content\/uploads\/2023\/11\/sustavi-plinodojave.jpg\" sizes=\"(max-width: 815px) 100vw, 815px\" srcset=\"https:\/\/fortnet.hr\/wp-content\/uploads\/2023\/11\/sustavi-plinodojave.jpg 815w, https:\/\/fortnet.hr\/wp-content\/uploads\/2023\/11\/sustavi-plinodojave-300x186.jpg 300w, https:\/\/fortnet.hr\/wp-content\/uploads\/2023\/11\/sustavi-plinodojave-768x475.jpg 768w\" alt=\"\" width=\"815\" height=\"504\" \/><\/p>\n<p>CO i plinodetekcija je sustav koji se koristi za otkrivanje prisutnosti uglji\u010dnog monoksida (CO) i razli\u010ditih vrsta plinova u prostorijama. Sastoji se od senzora koji detektiraju koncentraciju CO i plinova u zraku te \u0161alju signal centralnom ure\u0111aju kada se prekora\u010di odre\u0111ena razina. Centralni ure\u0111aj zatim aktivira alarm i obavje\u0161tava nadle\u017ene slu\u017ebe o prisutnosti opasnih plinova.<\/p>\n<p>Za\u0161to je va\u017ena CO i plinodetekcija?<\/p>\n<p>Prisutnost CO i drugih opasnih plinova mo\u017ee biti izuzetno opasna za ljude koji borave u prostoru. CO je posebno opasan jer je bezbojan, bezmirisan i neprimjetan, a visoke koncentracije mogu dovesti do ozbiljnih zdravstvenih problema pa \u010dak i smrti.<\/p>\n<p>Stoga je va\u017eno imati sustav detekcije koji \u0107e upozoriti na prisutnost ovih opasnih plinova kako bi se poduzelo odgovaraju\u0107e mjere za\u0161tite.<\/p>\n<p>Na\u0161a tvrtka nudi uslugu ugradnje i servisa sustava CO i plinodetekcije na podru\u010dju cijele Hrvatske. Na\u0161 tim stru\u010dnjaka osigurava kvalitetnu ugradnju i servisiranje ovih sustava kako biste bili sigurni da je va\u0161a imovina i va\u0161i najmiliji za\u0161ti\u0107eni od opasnih plinova.<\/p>\n<p>Za sve dodatne informacije o na\u0161im uslugama i cijenama, molimo kontaktirajte nas putem telefona ili e-po\u0161te. Na\u0161 tim \u0107e vam rado pomo\u0107i i odgovoriti na sva va\u0161a pitanja.<\/p>\n<p><img decoding=\"async\" src=\"https:\/\/fortnet.hr\/wp-content\/uploads\/2023\/12\/Notifier-logo.png\" sizes=\"(max-width: 480px) 100vw, 480px\" srcset=\"https:\/\/fortnet.hr\/wp-content\/uploads\/2023\/12\/Notifier-logo.png 480w, https:\/\/fortnet.hr\/wp-content\/uploads\/2023\/12\/Notifier-logo-300x218.png 300w\" alt=\"\" width=\"480\" height=\"349\" \/><br \/>\n<img decoding=\"async\" src=\"https:\/\/fortnet.hr\/wp-content\/uploads\/2023\/12\/olimpia-electronics.png\" sizes=\"(max-width: 318px) 100vw, 318px\" srcset=\"https:\/\/fortnet.hr\/wp-content\/uploads\/2023\/12\/olimpia-electronics.png 318w, https:\/\/fortnet.hr\/wp-content\/uploads\/2023\/12\/olimpia-electronics-300x125.png 300w\" alt=\"\" width=\"318\" height=\"132\" \/><\/p>\n","protected":false},"excerpt":{"rendered":"<p>CO i plinodetekcija je sustav koji se koristi za otkrivanje prisutnosti uglji\u010dnog monoksida (CO) i razli\u010ditih vrsta plinova u prostorijama. Sastoji se od senzora koji detektiraju koncentraciju CO i plinova u zraku te \u0161alju signal centralnom ure\u0111aju kada se prekora\u010di odre\u0111ena razina. Centralni ure\u0111aj zatim aktivira alarm i obavje\u0161tava nadle\u017ene slu\u017ebe o prisutnosti opasnih plinova. [&hellip;]<\/p>\n","protected":false},"author":1,"featured_media":0,"parent":0,"menu_order":0,"comment_status":"closed","ping_status":"closed","template":"","meta":{"om_disable_all_campaigns":false,"_monsterinsights_skip_tracking":false,"_monsterinsights_sitenote_active":false,"_monsterinsights_sitenote_note":"","_monsterinsights_sitenote_category":0,"footnotes":""},"class_list":["post-716","page","type-page","status-publish","hentry","entry"],"aioseo_notices":[],"jetpack_sharing_enabled":true,"_links":{"self":[{"href":"https:\/\/fortnet.hr\/index.php\/wp-json\/wp\/v2\/pages\/716","targetHints":{"allow":["GET"]}}],"collection":[{"href":"https:\/\/fortnet.hr\/index.php\/wp-json\/wp\/v2\/pages"}],"about":[{"href":"https:\/\/fortnet.hr\/index.php\/wp-json\/wp\/v2\/types\/page"}],"author":[{"embeddable":true,"href":"https:\/\/fortnet.hr\/index.php\/wp-json\/wp\/v2\/users\/1"}],"replies":[{"embeddable":true,"href":"https:\/\/fortnet.hr\/index.php\/wp-json\/wp\/v2\/comments?post=716"}],"version-history":[{"count":13,"href":"https:\/\/fortnet.hr\/index.php\/wp-json\/wp\/v2\/pages\/716\/revisions"}],"predecessor-version":[{"id":1031,"href":"https:\/\/fortnet.hr\/index.php\/wp-json\/wp\/v2\/pages\/716\/revisions\/1031"}],"wp:attachment":[{"href":"https:\/\/fortnet.hr\/index.php\/wp-json\/wp\/v2\/media?parent=716"}],"curies":[{"name":"wp","href":"https:\/\/api.w.org\/{rel}","templated":true}]}}