{"id":727,"date":"2023-11-08T12:57:46","date_gmt":"2023-11-08T12:57:46","guid":{"rendered":"https:\/\/fortnet.hr\/?page_id=727"},"modified":"2025-09-18T02:37:59","modified_gmt":"2025-09-18T02:37:59","slug":"klimatizacija","status":"publish","type":"page","link":"https:\/\/fortnet.hr\/index.php\/klimatizacija\/","title":{"rendered":"Klimatizacija"},"content":{"rendered":"\t\t<div data-elementor-type=\"wp-page\" data-elementor-id=\"727\" class=\"elementor elementor-727\">\n\t\t\t\t\t\t\t<div class=\"elementor-element elementor-element-2b5d3e0 e-flex e-con-boxed e-con e-parent\" data-id=\"2b5d3e0\" data-element_type=\"container\" data-settings=\"{&quot;content_width&quot;:&quot;boxed&quot;}\" data-core-v316-plus=\"true\">\n\t\t\t\t\t<div class=\"e-con-inner\">\n\t\t\t\t<div class=\"elementor-element elementor-element-2e3ea12 elementor-widget elementor-widget-image\" data-id=\"2e3ea12\" data-element_type=\"widget\" data-widget_type=\"image.default\">\n\t\t\t\t<div class=\"elementor-widget-container\">\n\t\t\t<style>\/*! elementor - v3.17.0 - 01-11-2023 *\/\n.elementor-widget-image{text-align:center}.elementor-widget-image a{display:inline-block}.elementor-widget-image a img[src$=\".svg\"]{width:48px}.elementor-widget-image img{vertical-align:middle;display:inline-block}<\/style>\t\t\t\t\t\t\t\t\t\t\t\t<img fetchpriority=\"high\" decoding=\"async\" width=\"1024\" height=\"512\" src=\"https:\/\/fortnet.hr\/wp-content\/uploads\/2023\/11\/klimatizacija-page-1024x512.jpg\" class=\"attachment-large size-large wp-image-732\" alt=\"\" srcset=\"https:\/\/fortnet.hr\/wp-content\/uploads\/2023\/11\/klimatizacija-page-1024x512.jpg 1024w, https:\/\/fortnet.hr\/wp-content\/uploads\/2023\/11\/klimatizacija-page-600x300.jpg 600w, https:\/\/fortnet.hr\/wp-content\/uploads\/2023\/11\/klimatizacija-page-300x150.jpg 300w, https:\/\/fortnet.hr\/wp-content\/uploads\/2023\/11\/klimatizacija-page-768x384.jpg 768w, https:\/\/fortnet.hr\/wp-content\/uploads\/2023\/11\/klimatizacija-page-1536x768.jpg 1536w, https:\/\/fortnet.hr\/wp-content\/uploads\/2023\/11\/klimatizacija-page.jpg 1920w\" sizes=\"(max-width: 1024px) 100vw, 1024px\" \/>\t\t\t\t\t\t\t\t\t\t\t\t\t\t\t<\/div>\n\t\t\t\t<\/div>\n\t\t\t\t\t<\/div>\n\t\t\t\t<\/div>\n\t\t<div class=\"elementor-element elementor-element-b0553f5 e-flex e-con-boxed e-con e-parent\" data-id=\"b0553f5\" data-element_type=\"container\" data-settings=\"{&quot;content_width&quot;:&quot;boxed&quot;}\" data-core-v316-plus=\"true\">\n\t\t\t\t\t<div class=\"e-con-inner\">\n\t\t\t\t<div class=\"elementor-element elementor-element-9db48a3 elementor-widget elementor-widget-text-editor\" data-id=\"9db48a3\" data-element_type=\"widget\" data-widget_type=\"text-editor.default\">\n\t\t\t\t<div class=\"elementor-widget-container\">\n\t\t\t<style>\/*! elementor - v3.17.0 - 01-11-2023 *\/\n.elementor-widget-text-editor.elementor-drop-cap-view-stacked .elementor-drop-cap{background-color:#69727d;color:#fff}.elementor-widget-text-editor.elementor-drop-cap-view-framed .elementor-drop-cap{color:#69727d;border:3px solid;background-color:transparent}.elementor-widget-text-editor:not(.elementor-drop-cap-view-default) .elementor-drop-cap{margin-top:8px}.elementor-widget-text-editor:not(.elementor-drop-cap-view-default) .elementor-drop-cap-letter{width:1em;height:1em}.elementor-widget-text-editor .elementor-drop-cap{float:left;text-align:center;line-height:1;font-size:50px}.elementor-widget-text-editor .elementor-drop-cap-letter{display:inline-block}<\/style>\t\t\t\t<p><strong>U\u010dinkovita klimatizacija za udobnost i kontrolu temperature<\/strong><\/p><p>FortNet j.d.o.o. pru\u017ea \u0161irok raspon usluga klimatizacije za va\u0161 dom, ured, poslovni prostor ili industrijski objekt. Na\u0161a stru\u010dnost u klimatizaciji omogu\u0107uje vam da odr\u017eavate ugodnu temperaturu tijekom cijele godine, osiguravaju\u0107i kvalitetan zrak i energetsku u\u010dinkovitost.<\/p><p><strong>Na\u0161e usluge klimatizacije uklju\u010duju:<\/strong><\/p><ol><li><p><strong>Instalacija klimatizacijskih sustava:<\/strong> Na\u0161i in\u017eenjeri pru\u017eaju stru\u010dnu instalaciju razli\u010ditih vrsta klimatizacijskih sustava, uklju\u010duju\u0107i split sustave, centralne klimatizacijske jedinice i inverter klima ure\u0111aje.<\/p><\/li><li><p><strong>Integracija i kontrola:<\/strong> Integriramo klimatizacijske sustave s pametnim sustavima kako biste mogli daljinski kontrolirati temperaturu i prilagoditi je prema va\u0161im potrebama.<\/p><\/li><li><p><strong>Redovno odr\u017eavanje i servisiranje:<\/strong> Na\u0161i tehni\u010dari pru\u017eaju redovito odr\u017eavanje i servisiranje va\u0161eg klimatizacijskog sustava kako biste osigurali njegovu optimalnu u\u010dinkovitost.<\/p><\/li><li><p><strong>Savjetovanje i prilago\u0111ena rje\u0161enja:<\/strong> Na\u0161i stru\u010dnjaci savjetuju vas o najboljem klimatizacijskom rje\u0161enju koje odgovara va\u0161im potrebama i prora\u010dunima.<\/p><\/li><li><p><strong>Energetska u\u010dinkovitost:<\/strong> Nudimo rje\u0161enja koja promi\u010du energetsku u\u010dinkovitost, \u0161to mo\u017ee rezultirati smanjenim ra\u010dunima za elektri\u010dnu energiju.<\/p><\/li><\/ol><p><strong>Za\u0161to odabrati Nas:<\/strong><\/p><ul><li>Iskusni tim stru\u010dnjaka s bogatim iskustvom u klimatizaciji.<\/li><li>Posve\u0107eni udobnosti i kvaliteti zraka u va\u0161em prostoru.<\/li><li>Kvalitetna oprema i tehnolo\u0161ka rje\u0161enja.<\/li><li>Konkurentske cijene i fleksibilne opcije paketa usluga.<\/li><\/ul><p><strong>Kontaktirajte Nas danas:<\/strong><\/p><p>Neka na\u0161i stru\u010dnjaci za klimatizaciju pru\u017ee vam rje\u0161enje koje \u0107e osigurati idealnu temperaturu i udobnost. Slobodno nas kontaktirajte za besplatnu procjenu i konzultaciju. Va\u0161a udobnost i kvaliteta zraka su na\u0161 prioritet, i mi smo tu kako bismo vam pomogli posti\u0107i savr\u0161enu klimatizaciju.<\/p>\t\t\t\t\t\t<\/div>\n\t\t\t\t<\/div>\n\t\t\t\t\t<\/div>\n\t\t\t\t<\/div>\n\t\t\t\t\t\t\t<\/div>\n\t\t","protected":false},"excerpt":{"rendered":"<p>U\u010dinkovita klimatizacija za udobnost i kontrolu temperature FortNet j.d.o.o. pru\u017ea \u0161irok raspon usluga klimatizacije za va\u0161 dom, ured, poslovni prostor ili industrijski objekt. Na\u0161a stru\u010dnost u klimatizaciji omogu\u0107uje vam da odr\u017eavate ugodnu temperaturu tijekom cijele godine, osiguravaju\u0107i kvalitetan zrak i energetsku u\u010dinkovitost. Na\u0161e usluge klimatizacije uklju\u010duju: Instalacija klimatizacijskih sustava: Na\u0161i in\u017eenjeri pru\u017eaju stru\u010dnu instalaciju razli\u010ditih [&hellip;]<\/p>\n","protected":false},"author":1,"featured_media":0,"parent":0,"menu_order":0,"comment_status":"closed","ping_status":"closed","template":"","meta":{"om_disable_all_campaigns":false,"_monsterinsights_skip_tracking":false,"_monsterinsights_sitenote_active":false,"_monsterinsights_sitenote_note":"","_monsterinsights_sitenote_category":0,"footnotes":""},"class_list":["post-727","page","type-page","status-publish","hentry","entry"],"aioseo_notices":[],"jetpack_sharing_enabled":true,"_links":{"self":[{"href":"https:\/\/fortnet.hr\/index.php\/wp-json\/wp\/v2\/pages\/727","targetHints":{"allow":["GET"]}}],"collection":[{"href":"https:\/\/fortnet.hr\/index.php\/wp-json\/wp\/v2\/pages"}],"about":[{"href":"https:\/\/fortnet.hr\/index.php\/wp-json\/wp\/v2\/types\/page"}],"author":[{"embeddable":true,"href":"https:\/\/fortnet.hr\/index.php\/wp-json\/wp\/v2\/users\/1"}],"replies":[{"embeddable":true,"href":"https:\/\/fortnet.hr\/index.php\/wp-json\/wp\/v2\/comments?post=727"}],"version-history":[{"count":16,"href":"https:\/\/fortnet.hr\/index.php\/wp-json\/wp\/v2\/pages\/727\/revisions"}],"predecessor-version":[{"id":1127,"href":"https:\/\/fortnet.hr\/index.php\/wp-json\/wp\/v2\/pages\/727\/revisions\/1127"}],"wp:attachment":[{"href":"https:\/\/fortnet.hr\/index.php\/wp-json\/wp\/v2\/media?parent=727"}],"curies":[{"name":"wp","href":"https:\/\/api.w.org\/{rel}","templated":true}]}}