{"id":743,"date":"2023-11-08T13:17:45","date_gmt":"2023-11-08T13:17:45","guid":{"rendered":"https:\/\/fortnet.hr\/?page_id=743"},"modified":"2025-09-18T00:18:52","modified_gmt":"2025-09-18T00:18:52","slug":"sustavi-odimljavanja-i-provjetravanja","status":"publish","type":"page","link":"https:\/\/fortnet.hr\/index.php\/sustavi-odimljavanja-i-provjetravanja\/","title":{"rendered":"Odimljavanje I Provjetravanje"},"content":{"rendered":"\t\t<div data-elementor-type=\"wp-page\" data-elementor-id=\"743\" class=\"elementor elementor-743\">\n\t\t\t\t\t\t\t<div class=\"elementor-element elementor-element-799a585 e-flex e-con-boxed e-con e-parent\" data-id=\"799a585\" data-element_type=\"container\" data-settings=\"{&quot;content_width&quot;:&quot;boxed&quot;}\" data-core-v316-plus=\"true\">\n\t\t\t\t\t<div class=\"e-con-inner\">\n\t\t\t\t<div class=\"elementor-element elementor-element-e0bcf4d elementor-widget elementor-widget-image\" data-id=\"e0bcf4d\" data-element_type=\"widget\" data-widget_type=\"image.default\">\n\t\t\t\t<div class=\"elementor-widget-container\">\n\t\t\t<style>\/*! elementor - v3.17.0 - 01-11-2023 *\/\n.elementor-widget-image{text-align:center}.elementor-widget-image a{display:inline-block}.elementor-widget-image a img[src$=\".svg\"]{width:48px}.elementor-widget-image img{vertical-align:middle;display:inline-block}<\/style>\t\t\t\t\t\t\t\t\t\t\t\t<img fetchpriority=\"high\" decoding=\"async\" width=\"720\" height=\"405\" src=\"https:\/\/fortnet.hr\/wp-content\/uploads\/2023\/11\/sustav-odimljavanja.jpg\" class=\"attachment-large size-large wp-image-748\" alt=\"\" srcset=\"https:\/\/fortnet.hr\/wp-content\/uploads\/2023\/11\/sustav-odimljavanja.jpg 720w, https:\/\/fortnet.hr\/wp-content\/uploads\/2023\/11\/sustav-odimljavanja-600x338.jpg 600w, https:\/\/fortnet.hr\/wp-content\/uploads\/2023\/11\/sustav-odimljavanja-300x169.jpg 300w\" sizes=\"(max-width: 720px) 100vw, 720px\" \/>\t\t\t\t\t\t\t\t\t\t\t\t\t\t\t<\/div>\n\t\t\t\t<\/div>\n\t\t\t\t\t<\/div>\n\t\t\t\t<\/div>\n\t\t<div class=\"elementor-element elementor-element-a6aa1b5 e-flex e-con-boxed e-con e-parent\" data-id=\"a6aa1b5\" data-element_type=\"container\" data-settings=\"{&quot;content_width&quot;:&quot;boxed&quot;}\" data-core-v316-plus=\"true\">\n\t\t\t\t\t<div class=\"e-con-inner\">\n\t\t\t\t<div class=\"elementor-element elementor-element-74bf267 elementor-widget elementor-widget-text-editor\" data-id=\"74bf267\" data-element_type=\"widget\" data-widget_type=\"text-editor.default\">\n\t\t\t\t<div class=\"elementor-widget-container\">\n\t\t\t<style>\/*! elementor - v3.17.0 - 01-11-2023 *\/\n.elementor-widget-text-editor.elementor-drop-cap-view-stacked .elementor-drop-cap{background-color:#69727d;color:#fff}.elementor-widget-text-editor.elementor-drop-cap-view-framed .elementor-drop-cap{color:#69727d;border:3px solid;background-color:transparent}.elementor-widget-text-editor:not(.elementor-drop-cap-view-default) .elementor-drop-cap{margin-top:8px}.elementor-widget-text-editor:not(.elementor-drop-cap-view-default) .elementor-drop-cap-letter{width:1em;height:1em}.elementor-widget-text-editor .elementor-drop-cap{float:left;text-align:center;line-height:1;font-size:50px}.elementor-widget-text-editor .elementor-drop-cap-letter{display:inline-block}<\/style>\t\t\t\t<p class=\"font_8 wixui-rich-text__text\">Sustav odimljavanja i provjetravanja je sustav koji se koristi za uklanjanje dima i otrovnih plinova iz zgrade u slu\u010daju po\u017eara. Sastoji se od razli\u010ditih komponenti koje omogu\u0107uju u\u010dinkovito odimljavanje prostorija i osiguravaju sigurno i brzo evakuiranje ljudi.<\/p><p class=\"font_8 wixui-rich-text__text\">Za\u0161to je va\u017ean sustav odimljavanja i provjetravanja?<\/p><p class=\"font_8 wixui-rich-text__text\">Prilikom izbijanja po\u017eara, dim i otrovni plinovi mogu se brzo \u0161iriti po zgradi, smanjuju\u0107i vidljivost i ote\u017eavaju\u0107i evakuaciju. Sustav odimljavanja i provjetravanja omogu\u0107uje uklanjanje dima i otrovnih plinova, \u010dime se pobolj\u0161ava vidljivost i olak\u0161ava evakuacija ljudi. Osim toga, uklanjanje dima mo\u017ee pomo\u0107i vatrogascima u pronala\u017eenju izvora po\u017eara i njegovom br\u017eem ga\u0161enju.<\/p><p class=\"font_8 wixui-rich-text__text\">Oprema za koju Vam nudimo ugradnju i servis:<\/p><ul class=\"font_8 wixui-rich-text__text\"><li class=\"wixui-rich-text__text\"><p class=\"font_8 wixui-rich-text__text\">Dimne zavjese: Dimne zavjese su sustav koji se koristi za stvaranje barijere izme\u0111u dimom ispunjenih i dimom slobodnih prostora. One se aktiviraju u slu\u010daju po\u017eara i sprje\u010davaju \u0161irenje dima na druge dijelove zgrade. Dimne zavjese mogu biti automatske ili ru\u010dno aktivirane.<\/p><\/li><li class=\"wixui-rich-text__text\"><p class=\"font_8 wixui-rich-text__text\">Ventilacijski sustav: Ventilacijski sustav koristi se za uklanjanje dima i otrovnih plinova iz zgrade. Sastoji se od ventilatora koji stvaraju protok zraka, kanala i otvora za ispu\u0161tanje dima. Ventilacijski sustav mo\u017ee biti prirodan (kori\u0161tenje prirodnog protoka zraka) ili mehani\u010dki (kori\u0161tenje ventilatora).<\/p><\/li><li class=\"wixui-rich-text__text\"><p class=\"font_8 wixui-rich-text__text\">Otvaranje prozora i vrata: U nekim slu\u010dajevima, otvaranje prozora i vrata mo\u017ee biti dovoljno za uklanjanje dima iz zgrade. Ova opcija se koristi u situacijama kada je po\u017ear manjeg opsega i kada je sigurno otvoriti prozore i vrata bez rizika od \u0161irenja po\u017eara.<\/p><\/li><li class=\"wixui-rich-text__text\"><p class=\"font_8 wixui-rich-text__text\">Senzori dima i plina: Senzori dima i plina koriste se za automatsko otkrivanje dima i otrovnih plinova u prostorijama. Kada se senzori aktiviraju, sustav odimljavanja i provjetravanja automatski se pokre\u0107e i aktivira potrebne komponente za uklanjanje dima.<\/p><\/li><\/ul><p class=\"font_8 wixui-rich-text__text\">Na\u0161a tvrtka nudi uslugu ugradnje i servisa sustava odimljavanja i provjetravanja na podru\u010dju cijele Hrvatske. Na\u0161 tim stru\u010dnjaka osigurava kvalitetnu ugradnju i povezivanje svih komponenti sustava kako biste bili sigurni da va\u0161a zgrada ima pouzdan sustav odimljavanja i provjetravanja u slu\u010daju po\u017eara.<\/p><p class=\"font_8 wixui-rich-text__text\">Za sve dodatne informacije o na\u0161im uslugama i cijenama, molimo kontaktirajte nas putem telefona ili e-po\u0161te. Na\u0161 tim \u0107e vam rado pomo\u0107i i odgovoriti na sva va\u0161a pitanja.<\/p>\t\t\t\t\t\t<\/div>\n\t\t\t\t<\/div>\n\t\t\t\t\t<\/div>\n\t\t\t\t<\/div>\n\t\t<div class=\"elementor-element elementor-element-89337f5 e-flex e-con-boxed e-con e-parent\" data-id=\"89337f5\" data-element_type=\"container\" data-settings=\"{&quot;content_width&quot;:&quot;boxed&quot;}\" data-core-v316-plus=\"true\">\n\t\t\t\t\t<div class=\"e-con-inner\">\n\t\t\t\t<div class=\"elementor-element elementor-element-f5b009b elementor-widget elementor-widget-image\" data-id=\"f5b009b\" data-element_type=\"widget\" data-widget_type=\"image.default\">\n\t\t\t\t<div class=\"elementor-widget-container\">\n\t\t\t\t\t\t\t\t\t\t\t\t\t\t\t<img decoding=\"async\" width=\"393\" height=\"128\" src=\"https:\/\/fortnet.hr\/wp-content\/uploads\/2023\/12\/geze.png\" class=\"attachment-large size-large wp-image-884\" alt=\"\" srcset=\"https:\/\/fortnet.hr\/wp-content\/uploads\/2023\/12\/geze.png 393w, https:\/\/fortnet.hr\/wp-content\/uploads\/2023\/12\/geze-300x98.png 300w\" sizes=\"(max-width: 393px) 100vw, 393px\" \/>\t\t\t\t\t\t\t\t\t\t\t\t\t\t\t<\/div>\n\t\t\t\t<\/div>\n\t\t\t\t\t<\/div>\n\t\t\t\t<\/div>\n\t\t\t\t\t\t\t<\/div>\n\t\t","protected":false},"excerpt":{"rendered":"<p>Sustav odimljavanja i provjetravanja je sustav koji se koristi za uklanjanje dima i otrovnih plinova iz zgrade u slu\u010daju po\u017eara. Sastoji se od razli\u010ditih komponenti koje omogu\u0107uju u\u010dinkovito odimljavanje prostorija i osiguravaju sigurno i brzo evakuiranje ljudi. Za\u0161to je va\u017ean sustav odimljavanja i provjetravanja? Prilikom izbijanja po\u017eara, dim i otrovni plinovi mogu se brzo \u0161iriti [&hellip;]<\/p>\n","protected":false},"author":1,"featured_media":0,"parent":0,"menu_order":0,"comment_status":"closed","ping_status":"closed","template":"","meta":{"om_disable_all_campaigns":false,"_monsterinsights_skip_tracking":false,"_monsterinsights_sitenote_active":false,"_monsterinsights_sitenote_note":"","_monsterinsights_sitenote_category":0,"footnotes":""},"class_list":["post-743","page","type-page","status-publish","hentry","entry"],"aioseo_notices":[],"jetpack_sharing_enabled":true,"_links":{"self":[{"href":"https:\/\/fortnet.hr\/index.php\/wp-json\/wp\/v2\/pages\/743","targetHints":{"allow":["GET"]}}],"collection":[{"href":"https:\/\/fortnet.hr\/index.php\/wp-json\/wp\/v2\/pages"}],"about":[{"href":"https:\/\/fortnet.hr\/index.php\/wp-json\/wp\/v2\/types\/page"}],"author":[{"embeddable":true,"href":"https:\/\/fortnet.hr\/index.php\/wp-json\/wp\/v2\/users\/1"}],"replies":[{"embeddable":true,"href":"https:\/\/fortnet.hr\/index.php\/wp-json\/wp\/v2\/comments?post=743"}],"version-history":[{"count":14,"href":"https:\/\/fortnet.hr\/index.php\/wp-json\/wp\/v2\/pages\/743\/revisions"}],"predecessor-version":[{"id":959,"href":"https:\/\/fortnet.hr\/index.php\/wp-json\/wp\/v2\/pages\/743\/revisions\/959"}],"wp:attachment":[{"href":"https:\/\/fortnet.hr\/index.php\/wp-json\/wp\/v2\/media?parent=743"}],"curies":[{"name":"wp","href":"https:\/\/api.w.org\/{rel}","templated":true}]}}